{"id":18323,"date":"2025-01-31T23:32:45","date_gmt":"2025-01-31T22:32:45","guid":{"rendered":"https:\/\/gebr-markewitsch.de\/?page_id=18323"},"modified":"2026-02-25T17:09:58","modified_gmt":"2026-02-25T16:09:58","slug":"imprint","status":"publish","type":"page","link":"https:\/\/gebr-markewitsch.de\/en\/imprint\/","title":{"rendered":"Imprint"},"content":{"rendered":"\t\t<div data-elementor-type=\"wp-page\" data-elementor-id=\"18323\" class=\"elementor elementor-18323 elementor-2311\" data-elementor-post-type=\"page\">\n\t\t\t\t<div class=\"premium-parallax-section-hide elementor-element elementor-element-cf4b2c7 premium-parallax-yes e-flex e-con-boxed e-con e-parent\" data-pa-parallax=\"{&quot;type&quot;:&quot;scroll&quot;,&quot;speed&quot;:&quot;&quot;,&quot;android&quot;:1,&quot;ios&quot;:1,&quot;size&quot;:&quot;cover&quot;,&quot;repeat&quot;:&quot;no-repeat&quot;}\" data-id=\"cf4b2c7\" data-element_type=\"container\" data-e-type=\"container\" data-settings=\"{&quot;background_background&quot;:&quot;classic&quot;}\">\n\t\t\t\t\t<div class=\"e-con-inner\">\n\t\t\t\t<div class=\"elementor-element elementor-element-c558883 elementor-widget elementor-widget-heading\" data-id=\"c558883\" data-element_type=\"widget\" data-e-type=\"widget\" data-widget_type=\"heading.default\">\n\t\t\t\t<div class=\"elementor-widget-container\">\n\t\t\t\t\t<h1 class=\"elementor-heading-title elementor-size-default\">Imprint<\/h1>\t\t\t\t<\/div>\n\t\t\t\t<\/div>\n\t\t\t\t<div class=\"elementor-element elementor-element-e4d7e9d elementor-widget-divider--view-line elementor-widget elementor-widget-divider\" data-id=\"e4d7e9d\" data-element_type=\"widget\" data-e-type=\"widget\" data-widget_type=\"divider.default\">\n\t\t\t\t<div class=\"elementor-widget-container\">\n\t\t\t\t\t\t\t<div class=\"elementor-divider\">\n\t\t\t<span class=\"elementor-divider-separator\">\n\t\t\t\t\t\t<\/span>\n\t\t<\/div>\n\t\t\t\t\t\t<\/div>\n\t\t\t\t<\/div>\n\t\t\t\t\t<\/div>\n\t\t\t\t<\/div>\n\t\t<div class=\"elementor-element elementor-element-f297721 e-flex e-con-boxed e-con e-parent\" data-id=\"f297721\" data-element_type=\"container\" data-e-type=\"container\">\n\t\t\t\t\t<div class=\"e-con-inner\">\n\t\t\t\t<div class=\"elementor-element elementor-element-35507b0 elementor-widget elementor-widget-text-editor\" data-id=\"35507b0\" data-element_type=\"widget\" data-e-type=\"widget\" data-widget_type=\"text-editor.default\">\n\t\t\t\t<div class=\"elementor-widget-container\">\n\t\t\t\t\t\t\t\t\t<p>Gebr. Markewitsch GmbH<br \/>Donaustra\u00dfe 75<br \/>90451 N\u00fcrnberg<\/p><p>Handelsregister: HRB 4794<br \/>Registergericht: Amtsgericht N\u00fcrnberg<\/p><p><strong>Vertreten durch:<\/strong><br \/>Andr\u00e9 Markewitsch (Gesch\u00e4ftsf\u00fchrer)<br \/>Martin Markewitsch (Gesch\u00e4ftsf\u00fchrer)<br \/>Matthias Markewitsch (Gesch\u00e4ftsf\u00fchrer)<br \/>Matthias Frank (Gesch\u00e4ftsf\u00fchrer)<\/p><h2>Kontakt<\/h2><p>Telefon: +49 911 96288-0<br \/>Telefax: +49 911 96288-80<br \/>E-Mail: info@gebr-markewitsch.de<\/p><h2>Umsatzsteuer-ID<\/h2><p>Umsatzsteuer-Identifikationsnummer gem\u00e4\u00df \u00a7 27 a Umsatzsteuergesetz:<br \/>DE133516612<\/p><h2>Redaktionell verantwortlich<\/h2><p>Matthias Markewitsch <br \/>Donaustra\u00dfe 75<br \/>90451 N\u00fcrnberg<\/p><h2>Verbraucher\u00adstreit\u00adbeilegung\/Universal\u00adschlichtungs\u00adstelle<\/h2><p>Wir sind nicht bereit oder verpflichtet, an Streitbeilegungsverfahren vor einer Verbraucherschlichtungsstelle teilzunehmen.<\/p>\t\t\t\t\t\t\t\t<\/div>\n\t\t\t\t<\/div>\n\t\t\t\t\t<\/div>\n\t\t\t\t<\/div>\n\t\t\t\t<\/div>\n\t\t","protected":false},"excerpt":{"rendered":"<p>Imprint Gebr. Markewitsch GmbHDonaustra\u00dfe 7590451 N\u00fcrnberg Handelsregister: HRB 4794Registergericht: Amtsgericht N\u00fcrnberg Vertreten durch:Andr\u00e9 Markewitsch (Gesch\u00e4ftsf\u00fchrer)Martin Markewitsch (Gesch\u00e4ftsf\u00fchrer)Matthias Markewitsch (Gesch\u00e4ftsf\u00fchrer)Matthias Frank (Gesch\u00e4ftsf\u00fchrer) Kontakt Telefon: +49 911 96288-0Telefax: +49 911 96288-80E-Mail: info@gebr-markewitsch.de Umsatzsteuer-ID Umsatzsteuer-Identifikationsnummer gem\u00e4\u00df \u00a7 27 a Umsatzsteuergesetz:DE133516612 Redaktionell verantwortlich Matthias Markewitsch Donaustra\u00dfe 7590451 N\u00fcrnberg Verbraucher\u00adstreit\u00adbeilegung\/Universal\u00adschlichtungs\u00adstelle Wir sind nicht bereit oder verpflichtet, an Streitbeilegungsverfahren vor einer [&hellip;]<\/p>\n","protected":false},"author":1,"featured_media":0,"parent":0,"menu_order":0,"comment_status":"closed","ping_status":"closed","template":"","meta":{"_seopress_robots_primary_cat":"","_seopress_titles_title":"","_seopress_titles_desc":"","_seopress_robots_index":"","inline_featured_image":false,"footnotes":""},"class_list":["post-18323","page","type-page","status-publish","hentry"],"_links":{"self":[{"href":"https:\/\/gebr-markewitsch.de\/en\/wp-json\/wp\/v2\/pages\/18323","targetHints":{"allow":["GET"]}}],"collection":[{"href":"https:\/\/gebr-markewitsch.de\/en\/wp-json\/wp\/v2\/pages"}],"about":[{"href":"https:\/\/gebr-markewitsch.de\/en\/wp-json\/wp\/v2\/types\/page"}],"author":[{"embeddable":true,"href":"https:\/\/gebr-markewitsch.de\/en\/wp-json\/wp\/v2\/users\/1"}],"replies":[{"embeddable":true,"href":"https:\/\/gebr-markewitsch.de\/en\/wp-json\/wp\/v2\/comments?post=18323"}],"version-history":[{"count":4,"href":"https:\/\/gebr-markewitsch.de\/en\/wp-json\/wp\/v2\/pages\/18323\/revisions"}],"predecessor-version":[{"id":18341,"href":"https:\/\/gebr-markewitsch.de\/en\/wp-json\/wp\/v2\/pages\/18323\/revisions\/18341"}],"wp:attachment":[{"href":"https:\/\/gebr-markewitsch.de\/en\/wp-json\/wp\/v2\/media?parent=18323"}],"curies":[{"name":"wp","href":"https:\/\/api.w.org\/{rel}","templated":true}]}}